{"id":35,"date":"2024-06-06T08:56:27","date_gmt":"2024-06-06T06:56:27","guid":{"rendered":"http:\/\/7cubes.pl\/?page_id=35"},"modified":"2024-09-15T17:57:52","modified_gmt":"2024-09-15T15:57:52","slug":"nowe-perspektywy","status":"publish","type":"page","link":"http:\/\/7cubes.pl\/?page_id=35","title":{"rendered":"?Nowe Perspektywy?"},"content":{"rendered":"\n<div data-wp-interactive=\"core\/file\" class=\"wp-block-file\"><object data-wp-bind--hidden=\"!state.hasPdfPreview\" hidden class=\"wp-block-file__embed\" data=\"http:\/\/7cubes.pl\/wp-content\/uploads\/2024\/09\/Plakat-promocyjny-A3-ON_Nowe-Perspektywy.pdf\" type=\"application\/pdf\" style=\"width:100%;height:600px\" aria-label=\"Embed of Plakat-promocyjny-A3-ON_Nowe-Perspektywy.\"><\/object><a id=\"wp-block-file--media-40c1b936-457d-4a02-aaf6-4c676648dbc6\" href=\"http:\/\/7cubes.pl\/wp-content\/uploads\/2024\/09\/Plakat-promocyjny-A3-ON_Nowe-Perspektywy.pdf\">Plakat-promocyjny-A3-ON_Nowe-Perspektywy<\/a><a href=\"http:\/\/7cubes.pl\/wp-content\/uploads\/2024\/09\/Plakat-promocyjny-A3-ON_Nowe-Perspektywy.pdf\" class=\"wp-block-file__button wp-element-button\" download aria-describedby=\"wp-block-file--media-40c1b936-457d-4a02-aaf6-4c676648dbc6\">Download<\/a><\/div>\n\n\n\n<p>Szczeg\u00f3\u0142owy informacje dotycz\u0105ce projektu ?Nowe Perspektywy? znajduj\u0105 si\u0119 stronie g\u0142\u00f3wnej projektu: <a href=\"http:\/\/noweperspektywy.7cubes.pl\/\">http:\/\/noweperspektywy.7cubes.pl\/<\/a><\/p>\n","protected":false},"excerpt":{"rendered":"<p>Szczeg\u00f3\u0142owy informacje dotycz\u0105ce projektu ?Nowe Perspektywy? znajduj\u0105 si\u0119 stronie g\u0142\u00f3wnej projektu: http:\/\/noweperspektywy.7cubes.pl\/<\/p>\n","protected":false},"author":1,"featured_media":0,"parent":0,"menu_order":0,"comment_status":"closed","ping_status":"closed","template":"","meta":{"footnotes":""},"class_list":["post-35","page","type-page","status-publish","hentry"],"_links":{"self":[{"href":"http:\/\/7cubes.pl\/index.php?rest_route=\/wp\/v2\/pages\/35","targetHints":{"allow":["GET"]}}],"collection":[{"href":"http:\/\/7cubes.pl\/index.php?rest_route=\/wp\/v2\/pages"}],"about":[{"href":"http:\/\/7cubes.pl\/index.php?rest_route=\/wp\/v2\/types\/page"}],"author":[{"embeddable":true,"href":"http:\/\/7cubes.pl\/index.php?rest_route=\/wp\/v2\/users\/1"}],"replies":[{"embeddable":true,"href":"http:\/\/7cubes.pl\/index.php?rest_route=%2Fwp%2Fv2%2Fcomments&post=35"}],"version-history":[{"count":3,"href":"http:\/\/7cubes.pl\/index.php?rest_route=\/wp\/v2\/pages\/35\/revisions"}],"predecessor-version":[{"id":66,"href":"http:\/\/7cubes.pl\/index.php?rest_route=\/wp\/v2\/pages\/35\/revisions\/66"}],"wp:attachment":[{"href":"http:\/\/7cubes.pl\/index.php?rest_route=%2Fwp%2Fv2%2Fmedia&parent=35"}],"curies":[{"name":"wp","href":"https:\/\/api.w.org\/{rel}","templated":true}]}}