{"id":31,"date":"2024-06-06T08:55:38","date_gmt":"2024-06-06T06:55:38","guid":{"rendered":"http:\/\/7cubes.pl\/?page_id=31"},"modified":"2024-06-06T08:57:29","modified_gmt":"2024-06-06T06:57:29","slug":"nowe-umiejetnosci-ku-lepszej-przyszlosci","status":"publish","type":"page","link":"http:\/\/7cubes.pl\/?page_id=31","title":{"rendered":"&#8220;Kompetencje kluczem do sukcesu?"},"content":{"rendered":"\n<div data-wp-interactive=\"core\/file\" class=\"wp-block-file\"><object data-wp-bind--hidden=\"!state.hasPdfPreview\" hidden class=\"wp-block-file__embed\" data=\"http:\/\/7cubes.pl\/wp-content\/uploads\/2024\/06\/plakat-A4_Kompetencje_7C_PL.pdf\" type=\"application\/pdf\" style=\"width:100%;height:900px\" aria-label=\"Embed of plakat-A4_Kompetencje_7C_PL.\"><\/object><a id=\"wp-block-file--media-edd2b4c5-a051-407d-a9fe-c1a9afa481ab\" href=\"http:\/\/7cubes.pl\/wp-content\/uploads\/2024\/06\/plakat-A4_Kompetencje_7C_PL.pdf\">plakat-A4_Kompetencje_7C_PL<\/a><\/div>\n\n\n\n<p>Szczeg\u00f3\u0142owy informacje dotycz\u0105ce projektu ?Kompetencje kluczem do sukcesu? znajduj\u0105 si\u0119 stronie g\u0142\u00f3wnej projektu: <a href=\"http:\/\/kompetencje.7cubes.pl\/\">http:\/\/kompetencje.7cubes.pl\/<\/a><\/p>\n","protected":false},"excerpt":{"rendered":"<p>Szczeg\u00f3\u0142owy informacje dotycz\u0105ce projektu ?Kompetencje kluczem do sukcesu? znajduj\u0105 si\u0119 stronie g\u0142\u00f3wnej projektu: http:\/\/kompetencje.7cubes.pl\/<\/p>\n","protected":false},"author":1,"featured_media":0,"parent":0,"menu_order":0,"comment_status":"closed","ping_status":"closed","template":"","meta":{"footnotes":""},"class_list":["post-31","page","type-page","status-publish","hentry"],"_links":{"self":[{"href":"http:\/\/7cubes.pl\/index.php?rest_route=\/wp\/v2\/pages\/31","targetHints":{"allow":["GET"]}}],"collection":[{"href":"http:\/\/7cubes.pl\/index.php?rest_route=\/wp\/v2\/pages"}],"about":[{"href":"http:\/\/7cubes.pl\/index.php?rest_route=\/wp\/v2\/types\/page"}],"author":[{"embeddable":true,"href":"http:\/\/7cubes.pl\/index.php?rest_route=\/wp\/v2\/users\/1"}],"replies":[{"embeddable":true,"href":"http:\/\/7cubes.pl\/index.php?rest_route=%2Fwp%2Fv2%2Fcomments&post=31"}],"version-history":[{"count":2,"href":"http:\/\/7cubes.pl\/index.php?rest_route=\/wp\/v2\/pages\/31\/revisions"}],"predecessor-version":[{"id":39,"href":"http:\/\/7cubes.pl\/index.php?rest_route=\/wp\/v2\/pages\/31\/revisions\/39"}],"wp:attachment":[{"href":"http:\/\/7cubes.pl\/index.php?rest_route=%2Fwp%2Fv2%2Fmedia&parent=31"}],"curies":[{"name":"wp","href":"https:\/\/api.w.org\/{rel}","templated":true}]}}