{"id":12,"date":"2021-09-06T21:52:31","date_gmt":"2021-09-06T19:52:31","guid":{"rendered":"http:\/\/7cubes.pl\/?page_id=12"},"modified":"2021-09-06T21:53:46","modified_gmt":"2021-09-06T19:53:46","slug":"o-firmie","status":"publish","type":"page","link":"http:\/\/7cubes.pl\/","title":{"rendered":"O firmie"},"content":{"rendered":"\n<figure class=\"wp-block-image size-full\"><img loading=\"lazy\" decoding=\"async\" width=\"1000\" height=\"300\" src=\"http:\/\/7cubes.pl\/wp-content\/uploads\/2021\/09\/7-cubes-logo.jpg\" alt=\"\" class=\"wp-image-18\" srcset=\"http:\/\/7cubes.pl\/wp-content\/uploads\/2021\/09\/7-cubes-logo.jpg 1000w, http:\/\/7cubes.pl\/wp-content\/uploads\/2021\/09\/7-cubes-logo-300x90.jpg 300w, http:\/\/7cubes.pl\/wp-content\/uploads\/2021\/09\/7-cubes-logo-768x230.jpg 768w, http:\/\/7cubes.pl\/wp-content\/uploads\/2021\/09\/7-cubes-logo-500x150.jpg 500w\" sizes=\"auto, (max-width: 1000px) 100vw, 1000px\" \/><\/figure>\n\n\n\n<p>Firma 7 Cubes Sp. z o.o. to firma szkoleniowa z wieloletnim do\u015bwiadczeniem edukacyjnym. Jeste\u015bmy cenionym na rynku o\u015brodkiem szkoleniowym. Przywi\u0105zujemy ogromn\u0105 wag\u0119 do jako\u015bci\u00a0\u015bwiadczonych us\u0142ug.<\/p>\n\n\n\n<p>Nasz\u0105 kadr\u0119 dydaktyczn\u0105 tworz\u0105 do\u015bwiadczeni wyk\u0142adowcy, szkoleniowcy, trenerzy i prelegenci, kt\u00f3rzy wsp\u00f3\u0142pracuj\u0105 z Polbi od wielu lat. Zesp\u00f3\u0142 trenerski to uznani specjali\u015bci w swoich dziedzinach a jednocze\u015bnie praktycy. Prowadz\u0105&nbsp;oni zar\u00f3wno&nbsp;szkolenia i kursy stacjonarne, on-line, jak i szkolenia wewn\u0119trzne i wyjazdowe.<\/p>\n\n\n\n<p>Organizujemy szkolenia finansowane ze \u015brodk\u00f3w unijnych we wsp\u00f3\u0142pracy z najlepszymi specjalistami w kraju. Szkolenia s\u0105 prowadzone przez najlepszych profesjonalist\u00f3w w danej dziedzinie; nasi trenerzy to osoby sprawdzone, o wysokich kwalifikacjach, co bezpo\u015brednio przek\u0142ada si\u0119 na wymierne efekty biznesowe. Nasze szkolenia to gwarancja najwy\u017cszej jako\u015bci oraz zdobycia rzetelnej wiedzy przekazanej w przyst\u0119pny spos\u00f3b.<\/p>\n","protected":false},"excerpt":{"rendered":"<p>Firma 7 Cubes Sp. z o.o. to firma szkoleniowa z wieloletnim do\u015bwiadczeniem edukacyjnym. Jeste\u015bmy cenionym na rynku o\u015brodkiem szkoleniowym. Przywi\u0105zujemy ogromn\u0105 wag\u0119 do jako\u015bci\u00a0\u015bwiadczonych us\u0142ug. Nasz\u0105 kadr\u0119 dydaktyczn\u0105 tworz\u0105 do\u015bwiadczeni wyk\u0142adowcy, szkoleniowcy, trenerzy i prelegenci, kt\u00f3rzy wsp\u00f3\u0142pracuj\u0105 z Polbi od &hellip; <a href=\"http:\/\/7cubes.pl\/\">Continue reading <span class=\"meta-nav\">&rarr;<\/span><\/a><\/p>\n","protected":false},"author":1,"featured_media":0,"parent":0,"menu_order":0,"comment_status":"closed","ping_status":"closed","template":"","meta":{"footnotes":""},"class_list":["post-12","page","type-page","status-publish","hentry"],"_links":{"self":[{"href":"http:\/\/7cubes.pl\/index.php?rest_route=\/wp\/v2\/pages\/12","targetHints":{"allow":["GET"]}}],"collection":[{"href":"http:\/\/7cubes.pl\/index.php?rest_route=\/wp\/v2\/pages"}],"about":[{"href":"http:\/\/7cubes.pl\/index.php?rest_route=\/wp\/v2\/types\/page"}],"author":[{"embeddable":true,"href":"http:\/\/7cubes.pl\/index.php?rest_route=\/wp\/v2\/users\/1"}],"replies":[{"embeddable":true,"href":"http:\/\/7cubes.pl\/index.php?rest_route=%2Fwp%2Fv2%2Fcomments&post=12"}],"version-history":[{"count":2,"href":"http:\/\/7cubes.pl\/index.php?rest_route=\/wp\/v2\/pages\/12\/revisions"}],"predecessor-version":[{"id":19,"href":"http:\/\/7cubes.pl\/index.php?rest_route=\/wp\/v2\/pages\/12\/revisions\/19"}],"wp:attachment":[{"href":"http:\/\/7cubes.pl\/index.php?rest_route=%2Fwp%2Fv2%2Fmedia&parent=12"}],"curies":[{"name":"wp","href":"https:\/\/api.w.org\/{rel}","templated":true}]}}